{"id":386,"date":"2024-05-26T13:48:56","date_gmt":"2024-05-26T13:48:56","guid":{"rendered":"https:\/\/blackhomee.com\/?post_type=product&#038;p=386"},"modified":"2025-02-23T11:43:12","modified_gmt":"2025-02-23T11:43:12","slug":"bacha-circular-negra","status":"publish","type":"product","link":"https:\/\/blackhomee.com\/index.php\/product\/bacha-circular-negra\/","title":{"rendered":"Bacha circular negra"},"content":{"rendered":"<p>Decor\u00e1 tu ba\u00f1o con esta bacha de apoyar que no solo es tendencia en el mundo del dise\u00f1o, sino que tambi\u00e9n te brindar\u00e1 espacio suficiente en sus laterales para colocar objetos de higiene personal.<\/p>\n<p>Las formas como protagonistas<br \/>\nSu forma redonda le dar\u00e1 un aspecto elegante a este sector tan importante de la casa y te resultar\u00e1 c\u00f3moda en el uso diario.<\/p>\n<p>Resistente y de f\u00e1cil uso<br \/>\nRealizada en cer\u00e1mica, este artefacto ofrece una calidad y durabilidad excelente, y es tambi\u00e9n una oportunidad est\u00e9tica para decorar tu ba\u00f1o, al que le aportar\u00e1 personalidad y estilo.<\/p>\n","protected":false},"excerpt":{"rendered":"<p>Decor\u00e1 tu ba\u00f1o con esta bacha de apoyar que no solo es tendencia en el mundo del dise\u00f1o, sino que tambi\u00e9n te brindar\u00e1 espacio suficiente en sus laterales para colocar objetos de higiene personal. Las formas como protagonistas Su forma redonda le dar\u00e1 un aspecto elegante a este sector tan importante de la casa y [&hellip;]<\/p>\n","protected":false},"featured_media":426,"template":"","meta":{"site-sidebar-layout":"default","site-content-layout":"default","ast-site-content-layout":"","site-content-style":"default","site-sidebar-style":"default","ast-global-header-display":"","ast-banner-title-visibility":"","ast-main-header-display":"","ast-hfb-above-header-display":"","ast-hfb-below-header-display":"","ast-hfb-mobile-header-display":"","site-post-title":"","ast-breadcrumbs-content":"","ast-featured-img":"","footer-sml-layout":"","theme-transparent-header-meta":"default","adv-header-id-meta":"","stick-header-meta":"","header-above-stick-meta":"","header-main-stick-meta":"","header-below-stick-meta":"","astra-migrate-meta-layouts":"default","ast-page-background-enabled":"default","ast-page-background-meta":{"desktop":{"background-color":"var(--ast-global-color-4)","background-image":"","background-repeat":"repeat","background-position":"center center","background-size":"auto","background-attachment":"scroll","background-type":"","background-media":"","overlay-type":"","overlay-color":"","overlay-opacity":"","overlay-gradient":""},"tablet":{"background-color":"","background-image":"","background-repeat":"repeat","background-position":"center center","background-size":"auto","background-attachment":"scroll","background-type":"","background-media":"","overlay-type":"","overlay-color":"","overlay-opacity":"","overlay-gradient":""},"mobile":{"background-color":"","background-image":"","background-repeat":"repeat","background-position":"center center","background-size":"auto","background-attachment":"scroll","background-type":"","background-media":"","overlay-type":"","overlay-color":"","overlay-opacity":"","overlay-gradient":""}},"ast-content-background-meta":{"desktop":{"background-color":"var(--ast-global-color-5)","background-image":"","background-repeat":"repeat","background-position":"center center","background-size":"auto","background-attachment":"scroll","background-type":"","background-media":"","overlay-type":"","overlay-color":"","overlay-opacity":"","overlay-gradient":""},"tablet":{"background-color":"var(--ast-global-color-5)","background-image":"","background-repeat":"repeat","background-position":"center center","background-size":"auto","background-attachment":"scroll","background-type":"","background-media":"","overlay-type":"","overlay-color":"","overlay-opacity":"","overlay-gradient":""},"mobile":{"background-color":"var(--ast-global-color-5)","background-image":"","background-repeat":"repeat","background-position":"center center","background-size":"auto","background-attachment":"scroll","background-type":"","background-media":"","overlay-type":"","overlay-color":"","overlay-opacity":"","overlay-gradient":""}}},"product_cat":[17],"product_tag":[],"_links":{"self":[{"href":"https:\/\/blackhomee.com\/index.php\/wp-json\/wp\/v2\/product\/386"}],"collection":[{"href":"https:\/\/blackhomee.com\/index.php\/wp-json\/wp\/v2\/product"}],"about":[{"href":"https:\/\/blackhomee.com\/index.php\/wp-json\/wp\/v2\/types\/product"}],"wp:featuredmedia":[{"embeddable":true,"href":"https:\/\/blackhomee.com\/index.php\/wp-json\/wp\/v2\/media\/426"}],"wp:attachment":[{"href":"https:\/\/blackhomee.com\/index.php\/wp-json\/wp\/v2\/media?parent=386"}],"wp:term":[{"taxonomy":"product_cat","embeddable":true,"href":"https:\/\/blackhomee.com\/index.php\/wp-json\/wp\/v2\/product_cat?post=386"},{"taxonomy":"product_tag","embeddable":true,"href":"https:\/\/blackhomee.com\/index.php\/wp-json\/wp\/v2\/product_tag?post=386"}],"curies":[{"name":"wp","href":"https:\/\/api.w.org\/{rel}","templated":true}]}}