{"id":472,"date":"2024-08-04T04:05:51","date_gmt":"2024-08-04T04:05:51","guid":{"rendered":"https:\/\/blackhomee.com\/?post_type=product&#038;p=472"},"modified":"2024-10-19T01:26:57","modified_gmt":"2024-10-19T01:26:57","slug":"ducha-higenica-cromada","status":"publish","type":"product","link":"https:\/\/blackhomee.com\/index.php\/product\/ducha-higenica-cromada\/","title":{"rendered":"Ducha higenica Cromada"},"content":{"rendered":"<p>La ducha higi\u00e9nica cromada es la soluci\u00f3n perfecta para una higiene personal completa y c\u00f3moda. Dise\u00f1ada con elegancia y funcionalidad, esta pr\u00e1ctica pieza se instala junto al inodoro para ofrecerte una limpieza eficiente. Olv\u00eddate del papel higi\u00e9nico y disfruta de una experiencia fresca y moderna. \u00a1Descubre la comodidad y la higiene con nuestra ducha higi\u00e9nica cromada!<\/p>\n","protected":false},"excerpt":{"rendered":"<p>La ducha higi\u00e9nica cromada es la soluci\u00f3n perfecta para una higiene personal completa y c\u00f3moda. Dise\u00f1ada con elegancia y funcionalidad, esta pr\u00e1ctica pieza se instala junto al inodoro para ofrecerte una limpieza eficiente. Olv\u00eddate del papel higi\u00e9nico y disfruta de una experiencia fresca y moderna. \u00a1Descubre la comodidad y la higiene con nuestra ducha higi\u00e9nica [&hellip;]<\/p>\n","protected":false},"featured_media":465,"template":"","meta":{"site-sidebar-layout":"default","site-content-layout":"default","ast-site-content-layout":"","site-content-style":"default","site-sidebar-style":"default","ast-global-header-display":"","ast-banner-title-visibility":"","ast-main-header-display":"","ast-hfb-above-header-display":"","ast-hfb-below-header-display":"","ast-hfb-mobile-header-display":"","site-post-title":"","ast-breadcrumbs-content":"","ast-featured-img":"","footer-sml-layout":"","theme-transparent-header-meta":"default","adv-header-id-meta":"","stick-header-meta":"","header-above-stick-meta":"","header-main-stick-meta":"","header-below-stick-meta":"","astra-migrate-meta-layouts":"default","ast-page-background-enabled":"default","ast-page-background-meta":{"desktop":{"background-color":"var(--ast-global-color-4)","background-image":"","background-repeat":"repeat","background-position":"center center","background-size":"auto","background-attachment":"scroll","background-type":"","background-media":"","overlay-type":"","overlay-color":"","overlay-opacity":"","overlay-gradient":""},"tablet":{"background-color":"","background-image":"","background-repeat":"repeat","background-position":"center center","background-size":"auto","background-attachment":"scroll","background-type":"","background-media":"","overlay-type":"","overlay-color":"","overlay-opacity":"","overlay-gradient":""},"mobile":{"background-color":"","background-image":"","background-repeat":"repeat","background-position":"center center","background-size":"auto","background-attachment":"scroll","background-type":"","background-media":"","overlay-type":"","overlay-color":"","overlay-opacity":"","overlay-gradient":""}},"ast-content-background-meta":{"desktop":{"background-color":"var(--ast-global-color-5)","background-image":"","background-repeat":"repeat","background-position":"center center","background-size":"auto","background-attachment":"scroll","background-type":"","background-media":"","overlay-type":"","overlay-color":"","overlay-opacity":"","overlay-gradient":""},"tablet":{"background-color":"var(--ast-global-color-5)","background-image":"","background-repeat":"repeat","background-position":"center center","background-size":"auto","background-attachment":"scroll","background-type":"","background-media":"","overlay-type":"","overlay-color":"","overlay-opacity":"","overlay-gradient":""},"mobile":{"background-color":"var(--ast-global-color-5)","background-image":"","background-repeat":"repeat","background-position":"center center","background-size":"auto","background-attachment":"scroll","background-type":"","background-media":"","overlay-type":"","overlay-color":"","overlay-opacity":"","overlay-gradient":""}}},"product_cat":[17],"product_tag":[],"_links":{"self":[{"href":"https:\/\/blackhomee.com\/index.php\/wp-json\/wp\/v2\/product\/472"}],"collection":[{"href":"https:\/\/blackhomee.com\/index.php\/wp-json\/wp\/v2\/product"}],"about":[{"href":"https:\/\/blackhomee.com\/index.php\/wp-json\/wp\/v2\/types\/product"}],"wp:featuredmedia":[{"embeddable":true,"href":"https:\/\/blackhomee.com\/index.php\/wp-json\/wp\/v2\/media\/465"}],"wp:attachment":[{"href":"https:\/\/blackhomee.com\/index.php\/wp-json\/wp\/v2\/media?parent=472"}],"wp:term":[{"taxonomy":"product_cat","embeddable":true,"href":"https:\/\/blackhomee.com\/index.php\/wp-json\/wp\/v2\/product_cat?post=472"},{"taxonomy":"product_tag","embeddable":true,"href":"https:\/\/blackhomee.com\/index.php\/wp-json\/wp\/v2\/product_tag?post=472"}],"curies":[{"name":"wp","href":"https:\/\/api.w.org\/{rel}","templated":true}]}}