{"id":743,"date":"2024-10-12T05:17:17","date_gmt":"2024-10-12T05:17:17","guid":{"rendered":"https:\/\/blackhomee.com\/?post_type=product&#038;p=743"},"modified":"2024-10-12T05:17:17","modified_gmt":"2024-10-12T05:17:17","slug":"pileta-de-cocina-acero-inoxidable-multifuncional","status":"publish","type":"product","link":"https:\/\/blackhomee.com\/index.php\/product\/pileta-de-cocina-acero-inoxidable-multifuncional\/","title":{"rendered":"Pileta de cocina acero inoxidable multifuncional"},"content":{"rendered":"<p>MATERIAL: Acero Inoxidable.<br \/>\nDESCRIPCI\u00d3N:<br \/>\n&#8211; Medida Exterior: 75 x 45 cm<br \/>\n&#8211; Medida Interior: 71 x 35 cm<br \/>\n&#8211; Profundidad: 21 cm<br \/>\n&#8211; Bandeja Chica: 25 x 35<br \/>\n&#8211; Bandeja de Limpieza: 26 x 35<br \/>\n\u2014 Tabla de Picar: 25 x 35<br \/>\n&#8211; Altura de Griferia: 40 cm<br \/>\nINCLUYE:<br \/>\n&#8211; Dispensador de Jabon<br \/>\n&#8211; Grifo de cabezal rociador de triple funci\u00f3n: grifo de pulverizaci\u00f3n desplegable con 3 modos de pulverizaci\u00f3n vers\u00e1tiles que permite un largo alcance, y la boquilla giratoria de 360 grados de arco alto proporciona una gama completa de acceso de lavado, permite una flexibilidad adicional.<br \/>\n&#8211; Tabla de madera.<br \/>\n&#8211; Pomo giratorio \u00fanico: es f\u00e1cil controlar la temperatura del agua y el volumen del agua, y cambiar el estilo de flujo de agua girando la perilla A (grifo izquierdo para tirar hacia abajo \/ grifo derecho a cascada).<\/p>\n","protected":false},"excerpt":{"rendered":"<p>MATERIAL: Acero Inoxidable. DESCRIPCI\u00d3N: &#8211; Medida Exterior: 75 x 45 cm &#8211; Medida Interior: 71 x 35 cm &#8211; Profundidad: 21 cm &#8211; Bandeja Chica: 25 x 35 &#8211; Bandeja de Limpieza: 26 x 35 \u2014 Tabla de Picar: 25 x 35 &#8211; Altura de Griferia: 40 cm INCLUYE: &#8211; Dispensador de Jabon &#8211; Grifo [&hellip;]<\/p>\n","protected":false},"featured_media":719,"template":"","meta":{"site-sidebar-layout":"default","site-content-layout":"default","ast-site-content-layout":"","site-content-style":"default","site-sidebar-style":"default","ast-global-header-display":"","ast-banner-title-visibility":"","ast-main-header-display":"","ast-hfb-above-header-display":"","ast-hfb-below-header-display":"","ast-hfb-mobile-header-display":"","site-post-title":"","ast-breadcrumbs-content":"","ast-featured-img":"","footer-sml-layout":"","theme-transparent-header-meta":"default","adv-header-id-meta":"","stick-header-meta":"","header-above-stick-meta":"","header-main-stick-meta":"","header-below-stick-meta":"","astra-migrate-meta-layouts":"default","ast-page-background-enabled":"default","ast-page-background-meta":{"desktop":{"background-color":"var(--ast-global-color-4)","background-image":"","background-repeat":"repeat","background-position":"center center","background-size":"auto","background-attachment":"scroll","background-type":"","background-media":"","overlay-type":"","overlay-color":"","overlay-opacity":"","overlay-gradient":""},"tablet":{"background-color":"","background-image":"","background-repeat":"repeat","background-position":"center center","background-size":"auto","background-attachment":"scroll","background-type":"","background-media":"","overlay-type":"","overlay-color":"","overlay-opacity":"","overlay-gradient":""},"mobile":{"background-color":"","background-image":"","background-repeat":"repeat","background-position":"center center","background-size":"auto","background-attachment":"scroll","background-type":"","background-media":"","overlay-type":"","overlay-color":"","overlay-opacity":"","overlay-gradient":""}},"ast-content-background-meta":{"desktop":{"background-color":"var(--ast-global-color-5)","background-image":"","background-repeat":"repeat","background-position":"center center","background-size":"auto","background-attachment":"scroll","background-type":"","background-media":"","overlay-type":"","overlay-color":"","overlay-opacity":"","overlay-gradient":""},"tablet":{"background-color":"var(--ast-global-color-5)","background-image":"","background-repeat":"repeat","background-position":"center center","background-size":"auto","background-attachment":"scroll","background-type":"","background-media":"","overlay-type":"","overlay-color":"","overlay-opacity":"","overlay-gradient":""},"mobile":{"background-color":"var(--ast-global-color-5)","background-image":"","background-repeat":"repeat","background-position":"center center","background-size":"auto","background-attachment":"scroll","background-type":"","background-media":"","overlay-type":"","overlay-color":"","overlay-opacity":"","overlay-gradient":""}}},"product_cat":[18],"product_tag":[37],"_links":{"self":[{"href":"https:\/\/blackhomee.com\/index.php\/wp-json\/wp\/v2\/product\/743"}],"collection":[{"href":"https:\/\/blackhomee.com\/index.php\/wp-json\/wp\/v2\/product"}],"about":[{"href":"https:\/\/blackhomee.com\/index.php\/wp-json\/wp\/v2\/types\/product"}],"wp:featuredmedia":[{"embeddable":true,"href":"https:\/\/blackhomee.com\/index.php\/wp-json\/wp\/v2\/media\/719"}],"wp:attachment":[{"href":"https:\/\/blackhomee.com\/index.php\/wp-json\/wp\/v2\/media?parent=743"}],"wp:term":[{"taxonomy":"product_cat","embeddable":true,"href":"https:\/\/blackhomee.com\/index.php\/wp-json\/wp\/v2\/product_cat?post=743"},{"taxonomy":"product_tag","embeddable":true,"href":"https:\/\/blackhomee.com\/index.php\/wp-json\/wp\/v2\/product_tag?post=743"}],"curies":[{"name":"wp","href":"https:\/\/api.w.org\/{rel}","templated":true}]}}